{"id":48,"date":"2021-03-08T20:13:50","date_gmt":"2021-03-08T20:13:50","guid":{"rendered":"http:\/\/elbe-petro.com\/?page_id=48"},"modified":"2021-03-08T22:05:22","modified_gmt":"2021-03-08T22:05:22","slug":"comprendre-eris","status":"publish","type":"page","link":"https:\/\/elbe-petro.com\/?page_id=48","title":{"rendered":"Comprendre ERIS"},"content":{"rendered":"<p>[et_pb_section fb_built=\u00a0\u00bb1&Prime; next_background_color=\u00a0\u00bb#ffffff\u00a0\u00bb admin_label=\u00a0\u00bbHero\u00a0\u00bb _builder_version=\u00a0\u00bb4.9.1&Prime; use_background_color_gradient=\u00a0\u00bbon\u00a0\u00bb background_color_gradient_start=\u00a0\u00bb#283d4b\u00a0\u00bb background_color_gradient_end=\u00a0\u00bbrgba(128,103,79,0.5)\u00a0\u00bb background_color_gradient_direction=\u00a0\u00bb1deg\u00a0\u00bb background_color_gradient_overlays_image=\u00a0\u00bbon\u00a0\u00bb background_image=\u00a0\u00bbhttp:\/\/elbe-petro.com\/wp-content\/uploads\/2021\/03\/entete.jpg\u00a0\u00bb custom_margin=\u00a0\u00bb|||\u00a0\u00bb custom_padding=\u00a0\u00bb0vw||0px||false|false\u00a0\u00bb bottom_divider_style=\u00a0\u00bbmountains2&Prime; bottom_divider_repeat=\u00a0\u00bb0.5x\u00a0\u00bb bottom_divider_flip=\u00a0\u00bbhorizontal|vertical\u00a0\u00bb][et_pb_row _builder_version=\u00a0\u00bb3.25&Prime; min_height=\u00a0\u00bb254px\u00a0\u00bb custom_margin=\u00a0\u00bb|||\u00a0\u00bb custom_padding=\u00a0\u00bb27px|0px|0|0px|false|false\u00a0\u00bb][et_pb_column type=\u00a0\u00bb4_4&Prime; _builder_version=\u00a0\u00bb3.25&Prime; custom_padding=\u00a0\u00bb|||\u00a0\u00bb custom_padding__hover=\u00a0\u00bb|||\u00a0\u00bb][et_pb_text _builder_version=\u00a0\u00bb4.9.1&Prime; text_font=\u00a0\u00bb||||||||\u00a0\u00bb header_font=\u00a0\u00bbJosefin Sans|700|||||||\u00a0\u00bb header_font_size=\u00a0\u00bb54px\u00a0\u00bb header_line_height=\u00a0\u00bb1.4em\u00a0\u00bb header_2_font=\u00a0\u00bbJosefin Sans||||||||\u00a0\u00bb header_2_text_color=\u00a0\u00bbrgba(255,255,255,0.6)\u00a0\u00bb header_2_font_size=\u00a0\u00bb32px\u00a0\u00bb header_2_line_height=\u00a0\u00bb1.4em\u00a0\u00bb background_layout=\u00a0\u00bbdark\u00a0\u00bb animation_style=\u00a0\u00bbslide\u00a0\u00bb animation_direction=\u00a0\u00bbright\u00a0\u00bb animation_intensity_slide=\u00a0\u00bb4%\u00a0\u00bb hover_enabled=\u00a0\u00bb0&Prime; header_font_size_tablet=\u00a0\u00bb50px\u00a0\u00bb header_font_size_phone=\u00a0\u00bb32px\u00a0\u00bb header_font_size_last_edited=\u00a0\u00bbon|desktop\u00a0\u00bb header_2_font_size_tablet=\u00a0\u00bb\u00a0\u00bb header_2_font_size_phone=\u00a0\u00bb24px\u00a0\u00bb header_2_font_size_last_edited=\u00a0\u00bbon|phone\u00a0\u00bb sticky_enabled=\u00a0\u00bb0&Prime;]<\/p>\n<div class=\"row\">\n<div class=\"span12\" data-motopress-type=\"static\" data-motopress-static-file=\"static\/static-title.php\">\n<section class=\"title-section\">\n<div class=\"row\">\n<div class=\"span12\" data-motopress-type=\"static\" data-motopress-static-file=\"static\/static-title.php\">\n<section class=\"title-section\">\n<h1 class=\"title-header\">Comprendre ERIS<\/h1>\n<\/section>\n<\/div>\n<\/div>\n<div id=\"content\" class=\"row\">\n<div class=\"span12\" data-motopress-type=\"loop\" data-motopress-loop-file=\"loop\/loop-page.php\">\n<div id=\"post-2288\" class=\"page post-2288 type-page status-publish hentry language-fr_fr\">\n<h3><\/h3>\n<\/div>\n<\/div>\n<\/div>\n<\/section>\n<\/div>\n<\/div>\n<p>[\/et_pb_text][\/et_pb_column][\/et_pb_row][\/et_pb_section][et_pb_section fb_built=\u00a0\u00bb1&Prime; custom_padding_last_edited=\u00a0\u00bboff|desktop\u00a0\u00bb admin_label=\u00a0\u00bbService\u00a0\u00bb _builder_version=\u00a0\u00bb3.22&Prime; custom_padding=\u00a0\u00bb71px|0px|0px|0px|false|false\u00a0\u00bb][et_pb_row _builder_version=\u00a0\u00bb4.9.1&Prime; _module_preset=\u00a0\u00bbdefault\u00a0\u00bb custom_padding=\u00a0\u00bb||0px|||\u00a0\u00bb][et_pb_column type=\u00a0\u00bb4_4&Prime; _builder_version=\u00a0\u00bb4.9.1&Prime; _module_preset=\u00a0\u00bbdefault\u00a0\u00bb][et_pb_text _builder_version=\u00a0\u00bb4.9.1&Prime; _module_preset=\u00a0\u00bbdefault\u00a0\u00bb hover_enabled=\u00a0\u00bb0&Prime; sticky_enabled=\u00a0\u00bb0&Prime; header_2_font=\u00a0\u00bb|600|||||||\u00a0\u00bb]<\/p>\n<h2><span class=\"style27\">Aider les industriels confront\u00e9s \u00e0 des<span>\u00a0<\/span><span>probl\u00e8mes d\u2019\u00e9vaporation<\/span><\/span><\/h2>\n<p>[\/et_pb_text][\/et_pb_column][\/et_pb_row][et_pb_row column_structure=\u00a0\u00bb1_2,1_2&Prime; _builder_version=\u00a0\u00bb3.25&Prime; locked=\u00a0\u00bboff\u00a0\u00bb][et_pb_column type=\u00a0\u00bb1_2&Prime; _builder_version=\u00a0\u00bb3.25&Prime; custom_padding=\u00a0\u00bb|||\u00a0\u00bb custom_padding__hover=\u00a0\u00bb|||\u00a0\u00bb][et_pb_text _builder_version=\u00a0\u00bb4.9.1&Prime; text_font=\u00a0\u00bbOpen Sans||||||||\u00a0\u00bb text_font_size=\u00a0\u00bb17px\u00a0\u00bb text_line_height=\u00a0\u00bb1.8em\u00a0\u00bb header_font=\u00a0\u00bb||||||||\u00a0\u00bb header_2_font=\u00a0\u00bbJosefin Sans|700|||||||\u00a0\u00bb header_2_font_size=\u00a0\u00bb32px\u00a0\u00bb header_2_line_height=\u00a0\u00bb1.5em\u00a0\u00bb header_3_font=\u00a0\u00bbJosefin Sans|700||on|||||\u00a0\u00bb header_3_text_color=\u00a0\u00bbrgba(43,51,68,0.2)\u00a0\u00bb max_width=\u00a0\u00bb700px\u00a0\u00bb custom_margin=\u00a0\u00bb||30px|\u00a0\u00bb custom_padding=\u00a0\u00bb|||\u00a0\u00bb hover_enabled=\u00a0\u00bb0&Prime; locked=\u00a0\u00bboff\u00a0\u00bb sticky_enabled=\u00a0\u00bb0&Prime;]<\/p>\n<div class=\"span5\">\n<div class=\"service-box service-page-box\">\n<div class=\"service-box_body\">\n<p><span class=\"style27\"><span>Les <\/span>\u00e9missions de Compos\u00e9s Organiques Volatils (COV) sont un probl\u00e8me majeur pour les industriels des secteurs<span>\u00a0<\/span><strong>p\u00e9troliers, chimiques, cosm\u00e9tiques, agroalimentaires<\/strong>.<\/span><\/p>\n<p><span class=\"style27\">Les<span>\u00a0<\/span><strong>pertes par \u00e9vaporation d\u2019hydrocarbures<\/strong><span>\u00a0<\/span><strong>l\u00e9gers<\/strong><span>\u00a0<\/span>lors de leur stockage conduisent \u00e0 des impacts :<\/span><\/p>\n<ul>\n<li><span class=\"style27\"><strong>\u00e9conomiques<\/strong><span>\u00a0<\/span>li\u00e9s aux pertes de mati\u00e8res \u00e0 forte valeur ajout\u00e9e<\/span><\/li>\n<li><strong>environnementaux<\/strong><span>\u00a0<\/span>li\u00e9s aux \u00e9missions et rejets\u00a0de polluants<\/li>\n<li>et \u00e0 une<span>\u00a0<\/span><strong>augmentation des risques d\u2019explosion et d\u2019incendie<\/strong><span>\u00a0<\/span>par la formation de ciels gazeux explosibles et<span>\u00a0<\/span><\/li>\n<\/ul>\n<\/div>\n<\/div>\n<\/div>\n<p>[\/et_pb_text][\/et_pb_column][et_pb_column type=\u00a0\u00bb1_2&Prime; _builder_version=\u00a0\u00bb3.25&Prime; custom_padding=\u00a0\u00bb|||\u00a0\u00bb custom_padding__hover=\u00a0\u00bb|||\u00a0\u00bb][et_pb_image src=\u00a0\u00bbhttp:\/\/elbe-petro.com\/wp-content\/uploads\/2021\/03\/lutter-contre-evaporation-fluide-300&#215;124-1.png\u00a0\u00bb _builder_version=\u00a0\u00bb4.9.1&Prime; _module_preset=\u00a0\u00bbdefault\u00a0\u00bb title_text=\u00a0\u00bblutter-contre-evaporation-fluide-300&#215;124&Prime; hover_enabled=\u00a0\u00bb0&Prime; sticky_enabled=\u00a0\u00bb0&Prime; force_fullwidth=\u00a0\u00bbon\u00a0\u00bb custom_padding=\u00a0\u00bb47px|||||\u00a0\u00bb][\/et_pb_image][\/et_pb_column][\/et_pb_row][et_pb_row _builder_version=\u00a0\u00bb4.9.1&Prime; _module_preset=\u00a0\u00bbdefault\u00a0\u00bb custom_padding=\u00a0\u00bb0px||0px|||\u00a0\u00bb hover_enabled=\u00a0\u00bb0&Prime; sticky_enabled=\u00a0\u00bb0&Prime;][et_pb_column type=\u00a0\u00bb4_4&Prime; _builder_version=\u00a0\u00bb4.9.1&Prime; _module_preset=\u00a0\u00bbdefault\u00a0\u00bb][et_pb_divider _builder_version=\u00a0\u00bb4.9.1&Prime; _module_preset=\u00a0\u00bbdefault\u00a0\u00bb hover_enabled=\u00a0\u00bb0&Prime; sticky_enabled=\u00a0\u00bb0&Prime;][\/et_pb_divider][et_pb_text _builder_version=\u00a0\u00bb4.9.1&Prime; _module_preset=\u00a0\u00bbdefault\u00a0\u00bb hover_enabled=\u00a0\u00bb0&Prime; sticky_enabled=\u00a0\u00bb0&Prime; header_2_font=\u00a0\u00bb|600|||||||\u00a0\u00bb]<\/p>\n<h2>L\u2019approche ERIS, une<span>\u00a0<\/span><span>couverture maximale<\/span><span>\u00a0<\/span>des surfaces<\/h2>\n<p>[\/et_pb_text][\/et_pb_column][\/et_pb_row][et_pb_row _builder_version=\u00a0\u00bb3.25&Prime; locked=\u00a0\u00bboff\u00a0\u00bb][et_pb_column type=\u00a0\u00bb4_4&Prime; _builder_version=\u00a0\u00bb3.25&Prime; custom_padding=\u00a0\u00bb|||\u00a0\u00bb custom_padding__hover=\u00a0\u00bb|||\u00a0\u00bb][et_pb_text _builder_version=\u00a0\u00bb4.9.1&Prime; _module_preset=\u00a0\u00bbdefault\u00a0\u00bb hover_enabled=\u00a0\u00bb0&Prime; sticky_enabled=\u00a0\u00bb0&Prime; text_font=\u00a0\u00bbOpen Sans||||||||\u00a0\u00bb text_font_size=\u00a0\u00bb17px\u00a0\u00bb text_line_height=\u00a0\u00bb1.8em\u00a0\u00bb]<\/p>\n<div class=\"span5\">\n<div class=\"service-box service-page-box\">\n<div class=\"service-box_body\">\n<div class=\"span5\">\n<div class=\"service-box service-page-box\">\n<div class=\"service-box_body\">\n<p><span class=\"style27\">L\u2019\u00e9cran flottant<\/span><span class=\"style8\"><span>\u00a0<\/span>elb\u00e9 petro<\/span><span>\u00a0<\/span>est un dispositif auto-adaptatif destin\u00e9 \u00e0<span>\u00a0<\/span><strong>pr\u00e9venir l\u2019\u00e9vaporation de liquides stock\u00e9s en cuves<\/strong>.<img loading=\"lazy\" decoding=\"async\" src=\"http:\/\/elbe-petro.com\/wp-content\/uploads\/2021\/03\/flotteur-intelligent-independant-04-300x134-1.png\" width=\"300\" height=\"134\" alt=\"\" class=\"wp-image-102 alignnone size-full\" style=\"display: block; margin-left: auto; margin-right: auto;\" \/><\/p>\n<p>Alors que les solutions conventionnelles reposent sur l\u2019utilisation d\u2019\u00e9crans flottants monoblocs, le syst\u00e8me<span>\u00a0<\/span><span class=\"style8\">elb\u00e9 petro<\/span><span>\u00a0<\/span><span class=\"style10\">consiste en<\/span><span>\u00a0<\/span>un<span>\u00a0<\/span><strong>arrangement de flotteurs ind\u00e9pendants brevet\u00e9s<span>\u00a0<\/span><\/strong>, capables de se (re)positionner seuls \u00e0 la surface des liquides pour former une couche continue, sans interstices. L\u2019ind\u00e9pendance des flotteurs leur permet de bouger pour s\u2019adapter \u00e0 toute irr\u00e9gularit\u00e9 g\u00e9om\u00e9trique pouvant survenir dans un r\u00e9servoir : \u00e9chelles, poteaux, piquages et tuyaux\u2026<\/p>\n<p>La g\u00e9om\u00e9trie lenticulaire des flotteurs rend leur retournement impossible. Le design des flotteurs elb\u00e9 petro permet \u00e0 la partie immerg\u00e9e des flotteurs d\u2019agir comme la quille d\u2019un bateau pour en assurer une parfaite stabilit\u00e9 et ainsi \u00e9viter l\u2019effet roller-ball.<\/p>\n<p><strong>Le taux de couverture de la surface peut d\u00e9passer 97%<\/strong>.<span>\u00a0<\/span><span class=\"style10\">L\u2019\u00e9<\/span>vaporation<span>\u00a0<\/span><span class=\"style10\">\u00e9tant proportionnelle \u00e0 l\u2019aire de l\u2019interface liquide-gaz, l\u2019efficacit\u00e9 de l\u2019<\/span><span class=\"style27\">\u00e9cran flottant<\/span><span class=\"style8\"><span>\u00a0<\/span>elb\u00e9 petro<\/span><span>\u00a0<\/span><span class=\"style10\">est optimale<\/span>.<\/p>\n<\/div>\n<\/div>\n<\/div>\n<\/div>\n<\/div>\n<\/div>\n<p>[\/et_pb_text][\/et_pb_column][\/et_pb_row][et_pb_row _builder_version=\u00a0\u00bb3.25&Prime; locked=\u00a0\u00bboff\u00a0\u00bb][et_pb_column type=\u00a0\u00bb4_4&Prime; _builder_version=\u00a0\u00bb3.25&Prime; custom_padding=\u00a0\u00bb|||\u00a0\u00bb custom_padding__hover=\u00a0\u00bb|||\u00a0\u00bb][et_pb_image src=\u00a0\u00bbhttp:\/\/elbe-petro.com\/wp-content\/uploads\/2021\/03\/systeme-contre-perte-fluide-evaporation-05.png\u00a0\u00bb _builder_version=\u00a0\u00bb4.9.1&Prime; _module_preset=\u00a0\u00bbdefault\u00a0\u00bb title_text=\u00a0\u00bbsysteme-contre-perte-fluide-evaporation-05&Prime; hover_enabled=\u00a0\u00bb0&Prime; sticky_enabled=\u00a0\u00bb0&Prime; custom_margin=\u00a0\u00bb-31px|||||\u00a0\u00bb][\/et_pb_image][\/et_pb_column][\/et_pb_row][\/et_pb_section][et_pb_section fb_built=\u00a0\u00bb1&Prime; custom_padding_last_edited=\u00a0\u00bboff|desktop\u00a0\u00bb admin_label=\u00a0\u00bbInstructions\u00a0\u00bb _builder_version=\u00a0\u00bb3.22&Prime; custom_margin=\u00a0\u00bb-33px||-15px|||\u00a0\u00bb custom_padding=\u00a0\u00bb38px|||||\u00a0\u00bb custom_padding_phone=\u00a0\u00bb100px||100px|\u00a0\u00bb locked=\u00a0\u00bboff\u00a0\u00bb][et_pb_row _builder_version=\u00a0\u00bb4.9.1&Prime; _module_preset=\u00a0\u00bbdefault\u00a0\u00bb custom_padding=\u00a0\u00bb0px||0px|||\u00a0\u00bb][et_pb_column type=\u00a0\u00bb4_4&Prime; _builder_version=\u00a0\u00bb4.9.1&Prime; _module_preset=\u00a0\u00bbdefault\u00a0\u00bb][et_pb_divider _builder_version=\u00a0\u00bb4.9.1&Prime; _module_preset=\u00a0\u00bbdefault\u00a0\u00bb hover_enabled=\u00a0\u00bb0&Prime; sticky_enabled=\u00a0\u00bb0&Prime;][\/et_pb_divider][et_pb_text _builder_version=\u00a0\u00bb4.9.1&Prime; _module_preset=\u00a0\u00bbdefault\u00a0\u00bb hover_enabled=\u00a0\u00bb0&Prime; sticky_enabled=\u00a0\u00bb0&Prime; header_2_font=\u00a0\u00bb|600|||||||\u00a0\u00bb]<\/p>\n<h2>Les<span>\u00a0<\/span><span>avantages<\/span><span>\u00a0<\/span>d\u2019ERIS<\/h2>\n<p>[\/et_pb_text][\/et_pb_column][\/et_pb_row][et_pb_row column_structure=\u00a0\u00bb1_2,1_2&Prime; custom_padding_last_edited=\u00a0\u00bboff|desktop\u00a0\u00bb _builder_version=\u00a0\u00bb3.25&Prime; custom_padding=\u00a0\u00bb|||\u00a0\u00bb custom_padding_phone=\u00a0\u00bb||20px|\u00a0\u00bb][et_pb_column type=\u00a0\u00bb1_2&Prime; _builder_version=\u00a0\u00bb3.25&Prime; custom_padding=\u00a0\u00bb|||\u00a0\u00bb custom_padding__hover=\u00a0\u00bb|||\u00a0\u00bb][et_pb_text _builder_version=\u00a0\u00bb4.9.1&Prime; _module_preset=\u00a0\u00bbdefault\u00a0\u00bb hover_enabled=\u00a0\u00bb0&Prime; sticky_enabled=\u00a0\u00bb0&Prime;]<\/p>\n<div class=\"service-box_txt\"><span><span class=\"style10\">L\u2019installation des flotteurs Intelligent Floating Roof d\u2019elb\u00e9 petro est particuli\u00e8rement simple et rapide, sans \u00e9tape de construction\u00a0sur site, r\u00e9duisant les co\u00fbts de mise en service ainsi que le temps d\u2019improductivit\u00e9 de la cuve.<\/span><\/span><\/div>\n<p><span class=\"style27\">L\u2019\u00e9cran flottant elb\u00e9 petro<\/span><span class=\"style8\"><span>\u00a0<\/span><\/span>peut<span>\u00a0<\/span><span class=\"style10\">\u00eatre install\u00e9 dans une cuve existante pour prolonger son exploitation et ne n\u00e9cessite aucune maintenance.<img loading=\"lazy\" decoding=\"async\" src=\"http:\/\/elbe-petro.com\/wp-content\/uploads\/2021\/03\/11769409_l-150x150-1.jpg\" width=\"150\" height=\"150\" alt=\"\" class=\"wp-image-108 alignnone size-full\" style=\"display: block; margin-left: auto; margin-right: auto;\" \/><\/span><\/p>\n<p>[\/et_pb_text][\/et_pb_column][et_pb_column type=\u00a0\u00bb1_2&Prime; _builder_version=\u00a0\u00bb3.25&Prime; custom_padding=\u00a0\u00bb|||\u00a0\u00bb custom_padding__hover=\u00a0\u00bb|||\u00a0\u00bb][et_pb_text _builder_version=\u00a0\u00bb4.9.1&Prime; _module_preset=\u00a0\u00bbdefault\u00a0\u00bb hover_enabled=\u00a0\u00bb0&Prime; sticky_enabled=\u00a0\u00bb0&Prime;]<\/p>\n<div class=\"service-box_txt\">Le <span><span class=\"style10\">Floating Roof<\/span><\/span> ERIS est une solution particuli\u00e8rement \u00e9conomique. Le co\u00fbt d&rsquo;investissement est faible, garantissant une rentabilit\u00e9 rapide. L&rsquo;efficacit\u00e9 de la solution Eris d&rsquo;elb\u00e9 petro vous aide \u00e0 augmenter les rendements des cuves.<br \/>Par exemple, pour un r\u00e9servoir de 36,6 m de diam\u00e8tre stockant des hydrocarbures l\u00e9gers, le syst\u00e8me ERIS peut \u00e9conomiser jusqu&rsquo;\u00e0 280 tonnes \/ an.<\/div>\n<div class=\"service-box_txt\" style=\"text-align: center;\"><img loading=\"lazy\" decoding=\"async\" src=\"http:\/\/elbe-petro.com\/wp-content\/uploads\/2021\/03\/10216759_s-150x150-1.jpg\" width=\"150\" height=\"150\" alt=\"\" class=\"wp-image-107 alignnone size-full\" \/><\/div>\n<p>[\/et_pb_text][\/et_pb_column][\/et_pb_row][et_pb_row column_structure=\u00a0\u00bb1_2,1_2&Prime; custom_padding_last_edited=\u00a0\u00bboff|desktop\u00a0\u00bb _builder_version=\u00a0\u00bb3.25&Prime; custom_padding=\u00a0\u00bb|||\u00a0\u00bb custom_padding_phone=\u00a0\u00bb||20px|\u00a0\u00bb][et_pb_column type=\u00a0\u00bb1_2&Prime; _builder_version=\u00a0\u00bb3.25&Prime; custom_padding=\u00a0\u00bb|||\u00a0\u00bb custom_padding__hover=\u00a0\u00bb|||\u00a0\u00bb][et_pb_text _builder_version=\u00a0\u00bb4.9.1&Prime; _module_preset=\u00a0\u00bbdefault\u00a0\u00bb hover_enabled=\u00a0\u00bb0&Prime; sticky_enabled=\u00a0\u00bb0&Prime;]<\/p>\n<div class=\"service-box_txt\">\n<div class=\"service-box_txt\"><span class=\"style27\">l&rsquo;\u00e9cran flottant elb\u00e9 petro<\/span><span>\u00a0<\/span><span class=\"style10\">est adapt\u00e9 \u00e0 un usage en environnement explosible. Le mat\u00e9riau utilis\u00e9 pour sa fabrication a \u00e9t\u00e9 sp\u00e9cialement d\u00e9velopp\u00e9 pour dissiper les charges \u00e9lectrostatiques avec un temps de relaxation contr\u00f4l\u00e9.\u00a0<span>\u00a0<\/span><\/span>L\u2019efficacit\u00e9 du dispositif elb\u00e9 petro contribue<span>\u00a0<\/span><span class=\"style10\">\u00e0 \u00e9viter la formation d\u2019atmosph\u00e8re inflammable autour des cuves.<\/span><\/div>\n<div class=\"service-box_txt\"><span class=\"style10\">L\u2019\u00e9vaporation des compos\u00e9s organiques volatils, outre les aspects environnementaux, peut causer d\u2019importants dommages aux syst\u00e8mes respiratoires des personnels expos\u00e9s.<\/span><span>\u00a0<\/span>Pr\u00e9venir l\u2019\u00e9vaporation des liquides p\u00e9trochimiques<span>\u00a0<\/span><span class=\"style10\">contribue \u00e0 la<\/span><span>\u00a0<\/span>pr\u00e9vention des risques industriels induits.<\/div>\n<div class=\"service-box_txt\"><span class=\"style29\">La conformit\u00e9 \u00e0 l\u2019utilisation de l<\/span><span class=\"style27\">\u2018\u00e9cran flottant elb\u00e9 petro<\/span><span>\u00a0<\/span><span class=\"style29\">en milieu ATEX est<span>\u00a0<\/span><\/span><span class=\"style10\">certifi\u00e9e par l\u2019INERIS (Institut National de l\u2019Environnement Industriel et des Risques).<\/span><\/div>\n<\/div>\n<p><span class=\"style10\"><img loading=\"lazy\" decoding=\"async\" src=\"http:\/\/elbe-petro.com\/wp-content\/uploads\/2021\/03\/7356367_l-150x150-1.jpg\" width=\"150\" height=\"150\" alt=\"\" class=\"wp-image-106 alignnone size-full\" style=\"display: block; margin-left: auto; margin-right: auto;\" \/><\/span><\/p>\n<p>[\/et_pb_text][\/et_pb_column][et_pb_column type=\u00a0\u00bb1_2&Prime; _builder_version=\u00a0\u00bb3.25&Prime; custom_padding=\u00a0\u00bb|||\u00a0\u00bb custom_padding__hover=\u00a0\u00bb|||\u00a0\u00bb][et_pb_text _builder_version=\u00a0\u00bb4.9.1&Prime; _module_preset=\u00a0\u00bbdefault\u00a0\u00bb hover_enabled=\u00a0\u00bb0&Prime; sticky_enabled=\u00a0\u00bb0&Prime;]<\/p>\n<div class=\"service-box_txt\">\n<div class=\"service-box_txt\">Vous stockez des biocarburants, des carburants aux performances optimales pour r\u00e9duire les consommations\u2026 Il serait dommage que ces pr\u00e9cieuses technologies vertes s\u2019\u00e9vaporent et contribuent \u00e0 polluer l\u2019air et\/ou les nappes phr\u00e9atiques voisines.<\/div>\n<div class=\"service-box_txt\">L\u2019efficacit\u00e9 de<span>\u00a0<\/span><span class=\"style27\">l\u2019\u00e9cran flottant elb\u00e9 petro<\/span><span>\u00a0<\/span>contribue \u00e0 la r\u00e9du<span class=\"style10\">ction<\/span><span>\u00a0<\/span><span class=\"style10\">d<\/span>es rejets de compos\u00e9s organiques volatils.<\/div>\n<div class=\"service-box_txt\">Fabriqu\u00e9s en polym\u00e8re,<span>\u00a0<\/span><span class=\"style10\">l<\/span>es flotteurs elb\u00e9 petro\u00a0n\u00e9cessitent beaucoup moins d\u2019\u00e9nergie pour leur production que les<span>\u00a0<\/span><span class=\"style10\">\u00e9crans flottants<\/span><span>\u00a0<\/span><span class=\"style10\">m\u00e9talliques.<\/span><\/div>\n<div class=\"service-box_txt\">Pr\u00e9venir l\u2019\u00e9vaporation des fluides p\u00e9trochimiques, c\u2019est pr<span class=\"style10\">ot\u00e9ger notre environnement.<\/span><\/div>\n<div class=\"service-box_txt\"><span class=\"style10\"><\/span><\/div>\n<\/div>\n<div class=\"service-box_txt\" style=\"text-align: center;\"><img loading=\"lazy\" decoding=\"async\" src=\"http:\/\/elbe-petro.com\/wp-content\/uploads\/2021\/03\/1551520_l-150x150-1.jpg\" width=\"150\" height=\"150\" alt=\"\" class=\"wp-image-105 alignnone size-full\" \/><\/div>\n<p>[\/et_pb_text][\/et_pb_column][\/et_pb_row][\/et_pb_section]<\/p>\n","protected":false},"excerpt":{"rendered":"<p>Comprendre ERIS Aider les industriels confront\u00e9s \u00e0 des\u00a0probl\u00e8mes d\u2019\u00e9vaporation Les \u00e9missions de Compos\u00e9s Organiques Volatils (COV) sont un probl\u00e8me majeur pour les industriels des secteurs\u00a0p\u00e9troliers, chimiques, cosm\u00e9tiques, agroalimentaires. Les\u00a0pertes par \u00e9vaporation d\u2019hydrocarbures\u00a0l\u00e9gers\u00a0lors de leur stockage conduisent \u00e0 des impacts : \u00e9conomiques\u00a0li\u00e9s aux pertes de mati\u00e8res \u00e0 forte valeur ajout\u00e9e environnementaux\u00a0li\u00e9s aux \u00e9missions et rejets\u00a0de polluants [&hellip;]<\/p>\n","protected":false},"author":1,"featured_media":0,"parent":0,"menu_order":0,"comment_status":"closed","ping_status":"open","template":"","meta":{"_et_pb_use_builder":"on","_et_pb_old_content":"","_et_gb_content_width":"","cybocfi_hide_featured_image":"","footnotes":""},"class_list":["post-48","page","type-page","status-publish","hentry"],"_links":{"self":[{"href":"https:\/\/elbe-petro.com\/index.php?rest_route=\/wp\/v2\/pages\/48","targetHints":{"allow":["GET"]}}],"collection":[{"href":"https:\/\/elbe-petro.com\/index.php?rest_route=\/wp\/v2\/pages"}],"about":[{"href":"https:\/\/elbe-petro.com\/index.php?rest_route=\/wp\/v2\/types\/page"}],"author":[{"embeddable":true,"href":"https:\/\/elbe-petro.com\/index.php?rest_route=\/wp\/v2\/users\/1"}],"replies":[{"embeddable":true,"href":"https:\/\/elbe-petro.com\/index.php?rest_route=%2Fwp%2Fv2%2Fcomments&post=48"}],"version-history":[{"count":7,"href":"https:\/\/elbe-petro.com\/index.php?rest_route=\/wp\/v2\/pages\/48\/revisions"}],"predecessor-version":[{"id":113,"href":"https:\/\/elbe-petro.com\/index.php?rest_route=\/wp\/v2\/pages\/48\/revisions\/113"}],"wp:attachment":[{"href":"https:\/\/elbe-petro.com\/index.php?rest_route=%2Fwp%2Fv2%2Fmedia&parent=48"}],"curies":[{"name":"wp","href":"https:\/\/api.w.org\/{rel}","templated":true}]}}